{"id":1319,"date":"2026-01-07T10:57:36","date_gmt":"2026-01-07T10:57:36","guid":{"rendered":"http:\/\/systudie-vz.dk\/nyside\/about\/"},"modified":"2026-03-14T15:46:46","modified_gmt":"2026-03-14T15:46:46","slug":"om-mig","status":"publish","type":"page","link":"https:\/\/systudie-vz.dk\/nyside\/om-mig\/","title":{"rendered":"About"},"content":{"rendered":"\t\t<div data-elementor-type=\"wp-page\" data-elementor-id=\"1319\" class=\"elementor elementor-1319\">\n\t\t\t\t\t\t<section class=\"elementor-section elementor-top-section elementor-element elementor-element-euucxid elementor-section-full_width elementor-section-height-default elementor-section-height-default\" data-id=\"euucxid\" data-element_type=\"section\" data-e-type=\"section\" data-settings=\"{&quot;background_background&quot;:&quot;classic&quot;}\">\n\t\t\t\t\t\t\t<div class=\"elementor-background-overlay\"><\/div>\n\t\t\t\t\t\t\t<div class=\"elementor-container elementor-column-gap-no\">\n\t\t\t\t\t<div class=\"elementor-column elementor-col-100 elementor-top-column elementor-element elementor-element-5ffd739\" data-id=\"5ffd739\" data-element_type=\"column\" data-e-type=\"column\">\n\t\t\t<div class=\"elementor-widget-wrap elementor-element-populated\">\n\t\t\t\t\t\t<div class=\"elementor-element elementor-element-db39ed2 e-transform elementor-widget elementor-widget-image\" data-id=\"db39ed2\" data-element_type=\"widget\" data-e-type=\"widget\" data-settings=\"{&quot;_transform_flipX_effect&quot;:&quot;transform&quot;}\" data-widget_type=\"image.default\">\n\t\t\t\t<div class=\"elementor-widget-container\">\n\t\t\t\t\t\t\t\t\t\t\t\t\t\t\t<img fetchpriority=\"high\" decoding=\"async\" width=\"1422\" height=\"640\" src=\"https:\/\/systudie-vz.dk\/nyside\/wp-content\/uploads\/2026\/03\/172217890_10222387426588610_6216136533835123687_n.png\" class=\"attachment-full size-full wp-image-2265\" alt=\"172217890 10222387426588610 6216136533835123687 n\" srcset=\"https:\/\/systudie-vz.dk\/nyside\/wp-content\/uploads\/2026\/03\/172217890_10222387426588610_6216136533835123687_n.png 1422w, https:\/\/systudie-vz.dk\/nyside\/wp-content\/uploads\/2026\/03\/172217890_10222387426588610_6216136533835123687_n-300x135.png 300w, https:\/\/systudie-vz.dk\/nyside\/wp-content\/uploads\/2026\/03\/172217890_10222387426588610_6216136533835123687_n-1024x461.png 1024w, https:\/\/systudie-vz.dk\/nyside\/wp-content\/uploads\/2026\/03\/172217890_10222387426588610_6216136533835123687_n-768x346.png 768w\" sizes=\"(max-width: 1422px) 100vw, 1422px\" \/>\t\t\t\t\t\t\t\t\t\t\t\t\t\t\t<\/div>\n\t\t\t\t<\/div>\n\t\t\t\t\t<\/div>\n\t\t<\/div>\n\t\t\t\t\t<\/div>\n\t\t<\/section>\n\t\t\t\t<section class=\"elementor-section elementor-top-section elementor-element elementor-element-y2rqhai elementor-section-boxed elementor-section-height-default elementor-section-height-default\" data-id=\"y2rqhai\" data-element_type=\"section\" data-e-type=\"section\">\n\t\t\t\t\t\t<div class=\"elementor-container elementor-column-gap-no\">\n\t\t\t\t\t<div class=\"elementor-column elementor-col-100 elementor-top-column elementor-element elementor-element-730f282\" data-id=\"730f282\" data-element_type=\"column\" data-e-type=\"column\">\n\t\t\t<div class=\"elementor-widget-wrap elementor-element-populated\">\n\t\t\t\t\t\t<section class=\"elementor-section elementor-inner-section elementor-element elementor-element-be5dae5 elementor-section-content-middle elementor-section-boxed elementor-section-height-default elementor-section-height-default\" data-id=\"be5dae5\" data-element_type=\"section\" data-e-type=\"section\">\n\t\t\t\t\t\t<div class=\"elementor-container elementor-column-gap-no\">\n\t\t\t\t\t<div class=\"elementor-column elementor-col-66 elementor-inner-column elementor-element elementor-element-956409c\" data-id=\"956409c\" data-element_type=\"column\" data-e-type=\"column\">\n\t\t\t<div class=\"elementor-widget-wrap elementor-element-populated\">\n\t\t\t\t\t\t<div class=\"elementor-element elementor-element-d1ee831 elementor-widget elementor-widget-image\" data-id=\"d1ee831\" data-element_type=\"widget\" data-e-type=\"widget\" data-widget_type=\"image.default\">\n\t\t\t\t<div class=\"elementor-widget-container\">\n\t\t\t\t\t\t\t\t\t\t\t\t\t\t\t<img decoding=\"async\" src=\"https:\/\/systudie-vz.dk\/nyside\/wp-content\/uploads\/elementor\/thumbs\/Mor-2-scaled-rld34m6t30z0b4ud2jo1v4zlvwue6pwetsc5gs1c34.png\" title=\"mor\" alt=\"mor\" loading=\"lazy\" \/>\t\t\t\t\t\t\t\t\t\t\t\t\t\t\t<\/div>\n\t\t\t\t<\/div>\n\t\t\t\t\t<\/div>\n\t\t<\/div>\n\t\t\t\t<div class=\"elementor-column elementor-col-33 elementor-inner-column elementor-element elementor-element-c8e4280\" data-id=\"c8e4280\" data-element_type=\"column\" data-e-type=\"column\" data-settings=\"{&quot;background_background&quot;:&quot;classic&quot;}\">\n\t\t\t<div class=\"elementor-widget-wrap elementor-element-populated\">\n\t\t\t\t\t\t<div class=\"elementor-element elementor-element-e78335d elementor-widget__width-initial elementor-widget-mobile__width-initial elementor-widget elementor-widget-heading\" data-id=\"e78335d\" data-element_type=\"widget\" data-e-type=\"widget\" data-widget_type=\"heading.default\">\n\t\t\t\t<div class=\"elementor-widget-container\">\n\t\t\t\t\t<h3 class=\"elementor-heading-title elementor-size-default\">En livslang passion for \nt\u00f8j og mode<\/h3>\t\t\t\t<\/div>\n\t\t\t\t<\/div>\n\t\t\t\t<div class=\"elementor-element elementor-element-1b65755 elementor-widget-divider--view-line elementor-widget elementor-widget-divider\" data-id=\"1b65755\" data-element_type=\"widget\" data-e-type=\"widget\" data-widget_type=\"divider.default\">\n\t\t\t\t<div class=\"elementor-widget-container\">\n\t\t\t\t\t\t\t<div class=\"elementor-divider\">\n\t\t\t<span class=\"elementor-divider-separator\">\n\t\t\t\t\t\t<\/span>\n\t\t<\/div>\n\t\t\t\t\t\t<\/div>\n\t\t\t\t<\/div>\n\t\t\t\t<div class=\"elementor-element elementor-element-51a22ff elementor-widget elementor-widget-text-editor\" data-id=\"51a22ff\" data-element_type=\"widget\" data-e-type=\"widget\" data-widget_type=\"text-editor.default\">\n\t\t\t\t<div class=\"elementor-widget-container\">\n\t\t\t\t\t\t\t\t\t<p data-start=\"83\" data-end=\"234\">Jeg har altid haft en stor interesse for t\u00f8j og mode. Allerede i mine ungdoms\u00e5r havde jeg en fork\u00e6rlighed for unikt t\u00f8j, som skilte sig\u00a0<span style=\"font-style: inherit; font-weight: inherit;\">ud fra m\u00e6ngden.<\/span><\/p><p data-start=\"83\" data-end=\"234\"><span style=\"font-style: inherit; font-weight: inherit;\">\u00a0<\/span><\/p><p data-start=\"236\" data-end=\"477\">N\u00e5r jeg syr, handler det om mere end blot at f\u00f8lge et m\u00f8nster. Det er en kreativ proces, hvor jeg arbejder med forskellige materialer, farver og snit, og l\u00f8bende udvikler min evne til at udtrykke kvalitet og personlighed gennem mit h\u00e5ndv\u00e6rk.<\/p><p data-start=\"479\" data-end=\"633\">Selv de mindste reparationer giver mig stor tilfredshed, da jeg har sans for detaljer og kvalitet og v\u00e6rds\u00e6tter muligheden for at forl\u00e6nge t\u00f8jets levetid.<\/p>\t\t\t\t\t\t\t\t<\/div>\n\t\t\t\t<\/div>\n\t\t\t\t\t<\/div>\n\t\t<\/div>\n\t\t\t\t\t<\/div>\n\t\t<\/section>\n\t\t\t\t<section class=\"elementor-section elementor-inner-section elementor-element elementor-element-3e4e694 elementor-section-content-middle elementor-reverse-tablet elementor-reverse-mobile elementor-section-boxed elementor-section-height-default elementor-section-height-default\" data-id=\"3e4e694\" data-element_type=\"section\" data-e-type=\"section\">\n\t\t\t\t\t\t<div class=\"elementor-container elementor-column-gap-no\">\n\t\t\t\t\t<div class=\"elementor-column elementor-col-33 elementor-inner-column elementor-element elementor-element-d4d12d3\" data-id=\"d4d12d3\" data-element_type=\"column\" data-e-type=\"column\" data-settings=\"{&quot;background_background&quot;:&quot;classic&quot;}\">\n\t\t\t<div class=\"elementor-widget-wrap elementor-element-populated\">\n\t\t\t\t\t\t<div class=\"elementor-element elementor-element-02990d7 elementor-widget elementor-widget-heading\" data-id=\"02990d7\" data-element_type=\"widget\" data-e-type=\"widget\" data-widget_type=\"heading.default\">\n\t\t\t\t<div class=\"elementor-widget-container\">\n\t\t\t\t\t<h3 class=\"elementor-heading-title elementor-size-default\">T\u00e6t p\u00e5 kunden \u2013 st\u00e6rkt h\u00e5ndv\u00e6rk<\/h3>\t\t\t\t<\/div>\n\t\t\t\t<\/div>\n\t\t\t\t<div class=\"elementor-element elementor-element-d4e30e0 elementor-widget-divider--view-line elementor-widget elementor-widget-divider\" data-id=\"d4e30e0\" data-element_type=\"widget\" data-e-type=\"widget\" data-widget_type=\"divider.default\">\n\t\t\t\t<div class=\"elementor-widget-container\">\n\t\t\t\t\t\t\t<div class=\"elementor-divider\">\n\t\t\t<span class=\"elementor-divider-separator\">\n\t\t\t\t\t\t<\/span>\n\t\t<\/div>\n\t\t\t\t\t\t<\/div>\n\t\t\t\t<\/div>\n\t\t\t\t<div class=\"elementor-element elementor-element-fdaeba5 elementor-widget elementor-widget-text-editor\" data-id=\"fdaeba5\" data-element_type=\"widget\" data-e-type=\"widget\" data-widget_type=\"text-editor.default\">\n\t\t\t\t<div class=\"elementor-widget-container\">\n\t\t\t\t\t\t\t\t\t<p data-start=\"83\" data-end=\"366\">Gennem mit enmandsfirma har jeg udviklet st\u00e6rk selvdisciplin og en bred vifte af kompetencer. Det giver mig mulighed for at have fuld kontrol over virksomhedens retning, arbejde m\u00e5lrettet med det, jeg br\u00e6nder for, og samtidig opbygge t\u00e6tte og tillidsfulde relationer til mine kunder.<\/p><p class=\"brick-Ca-GsG f-paragraph\">\u00a0<\/p>\t\t\t\t\t\t\t\t<\/div>\n\t\t\t\t<\/div>\n\t\t\t\t\t<\/div>\n\t\t<\/div>\n\t\t\t\t<div class=\"elementor-column elementor-col-66 elementor-inner-column elementor-element elementor-element-22574b9\" data-id=\"22574b9\" data-element_type=\"column\" data-e-type=\"column\">\n\t\t\t<div class=\"elementor-widget-wrap elementor-element-populated\">\n\t\t\t\t\t\t<div class=\"elementor-element elementor-element-681194e elementor-widget elementor-widget-image\" data-id=\"681194e\" data-element_type=\"widget\" data-e-type=\"widget\" data-widget_type=\"image.default\">\n\t\t\t\t<div class=\"elementor-widget-container\">\n\t\t\t\t\t\t\t\t\t\t\t\t\t\t\t<img decoding=\"async\" src=\"https:\/\/systudie-vz.dk\/nyside\/wp-content\/uploads\/elementor\/thumbs\/systue-scaled-rld34m6viqiqlyh9881h130b6wd8ygdheeitpnxu28.png\" title=\"systue\" alt=\"systue\" loading=\"lazy\" \/>\t\t\t\t\t\t\t\t\t\t\t\t\t\t\t<\/div>\n\t\t\t\t<\/div>\n\t\t\t\t\t<\/div>\n\t\t<\/div>\n\t\t\t\t\t<\/div>\n\t\t<\/section>\n\t\t\t\t\t<\/div>\n\t\t<\/div>\n\t\t\t\t\t<\/div>\n\t\t<\/section>\n\t\t\t\t<\/div>\n\t\t","protected":false},"excerpt":{"rendered":"<p>En livslang passion for t\u00f8j og mode Jeg har altid haft en stor interesse for t\u00f8j og mode. Allerede i mine ungdoms\u00e5r havde jeg en fork\u00e6rlighed for unikt t\u00f8j, som skilte sig\u00a0ud fra m\u00e6ngden. \u00a0 N\u00e5r jeg syr, handler det om mere end blot at f\u00f8lge et m\u00f8nster. Det er en kreativ proces, hvor jeg [&hellip;]<\/p>\n","protected":false},"author":1,"featured_media":0,"parent":0,"menu_order":0,"comment_status":"closed","ping_status":"closed","template":"","meta":{"site-sidebar-layout":"no-sidebar","site-content-layout":"page-builder","ast-site-content-layout":"full-width-container","site-content-style":"unboxed","site-sidebar-style":"unboxed","ast-global-header-display":"","ast-banner-title-visibility":"","ast-main-header-display":"","ast-hfb-above-header-display":"","ast-hfb-below-header-display":"","ast-hfb-mobile-header-display":"","site-post-title":"disabled","ast-breadcrumbs-content":"","ast-featured-img":"disabled","footer-sml-layout":"","ast-disable-related-posts":"","theme-transparent-header-meta":"enabled","adv-header-id-meta":"","stick-header-meta":"","header-above-stick-meta":"","header-main-stick-meta":"","header-below-stick-meta":"","astra-migrate-meta-layouts":"set","ast-page-background-enabled":"default","ast-page-background-meta":{"desktop":{"background-color":"var(--ast-global-color-4)","background-image":"","background-repeat":"repeat","background-position":"center center","background-size":"auto","background-attachment":"scroll","background-type":"","background-media":"","overlay-type":"","overlay-color":"","overlay-opacity":"","overlay-gradient":""},"tablet":{"background-color":"","background-image":"","background-repeat":"repeat","background-position":"center center","background-size":"auto","background-attachment":"scroll","background-type":"","background-media":"","overlay-type":"","overlay-color":"","overlay-opacity":"","overlay-gradient":""},"mobile":{"background-color":"","background-image":"","background-repeat":"repeat","background-position":"center center","background-size":"auto","background-attachment":"scroll","background-type":"","background-media":"","overlay-type":"","overlay-color":"","overlay-opacity":"","overlay-gradient":""}},"ast-content-background-meta":{"desktop":{"background-color":"var(--ast-global-color-5)","background-image":"","background-repeat":"repeat","background-position":"center center","background-size":"auto","background-attachment":"scroll","background-type":"","background-media":"","overlay-type":"","overlay-color":"","overlay-opacity":"","overlay-gradient":""},"tablet":{"background-color":"var(--ast-global-color-5)","background-image":"","background-repeat":"repeat","background-position":"center center","background-size":"auto","background-attachment":"scroll","background-type":"","background-media":"","overlay-type":"","overlay-color":"","overlay-opacity":"","overlay-gradient":""},"mobile":{"background-color":"var(--ast-global-color-5)","background-image":"","background-repeat":"repeat","background-position":"center center","background-size":"auto","background-attachment":"scroll","background-type":"","background-media":"","overlay-type":"","overlay-color":"","overlay-opacity":"","overlay-gradient":""}},"footnotes":""},"class_list":["post-1319","page","type-page","status-publish","hentry"],"_links":{"self":[{"href":"https:\/\/systudie-vz.dk\/nyside\/wp-json\/wp\/v2\/pages\/1319","targetHints":{"allow":["GET"]}}],"collection":[{"href":"https:\/\/systudie-vz.dk\/nyside\/wp-json\/wp\/v2\/pages"}],"about":[{"href":"https:\/\/systudie-vz.dk\/nyside\/wp-json\/wp\/v2\/types\/page"}],"author":[{"embeddable":true,"href":"https:\/\/systudie-vz.dk\/nyside\/wp-json\/wp\/v2\/users\/1"}],"replies":[{"embeddable":true,"href":"https:\/\/systudie-vz.dk\/nyside\/wp-json\/wp\/v2\/comments?post=1319"}],"version-history":[{"count":52,"href":"https:\/\/systudie-vz.dk\/nyside\/wp-json\/wp\/v2\/pages\/1319\/revisions"}],"predecessor-version":[{"id":2418,"href":"https:\/\/systudie-vz.dk\/nyside\/wp-json\/wp\/v2\/pages\/1319\/revisions\/2418"}],"wp:attachment":[{"href":"https:\/\/systudie-vz.dk\/nyside\/wp-json\/wp\/v2\/media?parent=1319"}],"curies":[{"name":"wp","href":"https:\/\/api.w.org\/{rel}","templated":true}]}}