{"id":1320,"date":"2026-01-07T10:57:36","date_gmt":"2026-01-07T10:57:36","guid":{"rendered":"http:\/\/systudie-vz.dk\/nyside\/services\/"},"modified":"2026-04-01T10:51:34","modified_gmt":"2026-04-01T10:51:34","slug":"abningstider","status":"publish","type":"page","link":"https:\/\/systudie-vz.dk\/nyside\/abningstider\/","title":{"rendered":"\u00c5bningstider"},"content":{"rendered":"\t\t<div data-elementor-type=\"wp-page\" data-elementor-id=\"1320\" class=\"elementor elementor-1320\">\n\t\t\t\t<div class=\"elementor-element elementor-element-93263f3 e-grid e-con-boxed e-con e-parent\" data-id=\"93263f3\" data-element_type=\"container\" data-e-type=\"container\" data-settings=\"{&quot;background_background&quot;:&quot;classic&quot;}\">\n\t\t\t\t\t<div class=\"e-con-inner\">\n\t\t<div class=\"elementor-element elementor-element-db51801 e-con-full e-flex e-con e-child\" data-id=\"db51801\" data-element_type=\"container\" data-e-type=\"container\">\n\t\t\t\t<\/div>\n\t\t<div class=\"elementor-element elementor-element-6c32ff7 e-con-full e-flex e-con e-child\" data-id=\"6c32ff7\" data-element_type=\"container\" data-e-type=\"container\">\n\t\t\t\t<\/div>\n\t\t<div class=\"elementor-element elementor-element-a6135c1 e-con-full e-flex e-con e-child\" data-id=\"a6135c1\" data-element_type=\"container\" data-e-type=\"container\">\n\t\t\t\t<\/div>\n\t\t<div class=\"elementor-element elementor-element-5da4004 e-con-full e-flex e-con e-child\" data-id=\"5da4004\" data-element_type=\"container\" data-e-type=\"container\">\n\t\t\t\t<div class=\"elementor-element elementor-element-7c3a861 elementor-widget elementor-widget-heading\" data-id=\"7c3a861\" data-element_type=\"widget\" data-e-type=\"widget\" data-widget_type=\"heading.default\">\n\t\t\t\t<div class=\"elementor-widget-container\">\n\t\t\t\t\t<h2 class=\"elementor-heading-title elementor-size-default\"><b>Mandag-Fredag<br><\/b>\u00c5bent kl. 15:30-17:00<\/h2>\t\t\t\t<\/div>\n\t\t\t\t<\/div>\n\t\t\t\t<\/div>\n\t\t<div class=\"elementor-element elementor-element-a83fc99 e-con-full e-flex e-con e-child\" data-id=\"a83fc99\" data-element_type=\"container\" data-e-type=\"container\">\n\t\t\t\t<div class=\"elementor-element elementor-element-4162304 elementor-widget elementor-widget-heading\" data-id=\"4162304\" data-element_type=\"widget\" data-e-type=\"widget\" data-widget_type=\"heading.default\">\n\t\t\t\t<div class=\"elementor-widget-container\">\n\t\t\t\t\t<h2 class=\"elementor-heading-title elementor-size-default\"><b>L\u00f8rdag-S\u00f8ndag<br><\/b>Weekenderne er der lukket<\/h2>\t\t\t\t<\/div>\n\t\t\t\t<\/div>\n\t\t\t\t<\/div>\n\t\t\t\t<div class=\"elementor-element elementor-element-f92b1ba elementor-widget elementor-widget-heading\" data-id=\"f92b1ba\" data-element_type=\"widget\" data-e-type=\"widget\" data-widget_type=\"heading.default\">\n\t\t\t\t<div class=\"elementor-widget-container\">\n\t\t\t\t\t<h2 class=\"elementor-heading-title elementor-size-default\"><b>Helligdage<\/b><br> Aftal \ntid p\u00e5 forh\u00e5nd<\/h2>\t\t\t\t<\/div>\n\t\t\t\t<\/div>\n\t\t\t\t\t<\/div>\n\t\t\t\t<\/div>\n\t\t<div class=\"elementor-element elementor-element-c96eca9 e-flex e-con-boxed e-con e-parent\" data-id=\"c96eca9\" data-element_type=\"container\" data-e-type=\"container\" data-settings=\"{&quot;background_background&quot;:&quot;classic&quot;}\">\n\t\t\t\t\t<div class=\"e-con-inner\">\n\t\t<div class=\"elementor-element elementor-element-5db1738 e-con-full e-flex e-con e-child\" data-id=\"5db1738\" data-element_type=\"container\" data-e-type=\"container\">\n\t\t\t\t<div class=\"elementor-element elementor-element-7e98b1d elementor-widget elementor-widget-heading\" data-id=\"7e98b1d\" data-element_type=\"widget\" data-e-type=\"widget\" data-widget_type=\"heading.default\">\n\t\t\t\t<div class=\"elementor-widget-container\">\n\t\t\t\t\t<h4 class=\"elementor-heading-title elementor-size-default\">Ferieinformation<\/h4>\t\t\t\t<\/div>\n\t\t\t\t<\/div>\n\t\t\t\t<div class=\"elementor-element elementor-element-728a3ca elementor-widget elementor-widget-text-editor\" data-id=\"728a3ca\" data-element_type=\"widget\" data-e-type=\"widget\" data-widget_type=\"text-editor.default\">\n\t\t\t\t<div class=\"elementor-widget-container\">\n\t\t\t\t\t\t\t\t\t<p>Skr\u00e6dderiet holder ferielukket i uge <strong>28, 29 og 30<\/strong>.<br data-start=\"566\" data-end=\"569\" \/>\u00c5bner igen <strong>mandag d. 27 juli<\/strong>.<br data-start=\"591\" data-end=\"594\" \/>Du er velkommen til at sende en mail p\u00e5 <strong>ziedaite@gmail.com<\/strong>, s\u00e5 svarer jeg hurtigst muligt.<\/p>\t\t\t\t\t\t\t\t<\/div>\n\t\t\t\t<\/div>\n\t\t\t\t<\/div>\n\t\t\t\t\t<\/div>\n\t\t\t\t<\/div>\n\t\t\t\t<\/div>\n\t\t","protected":false},"excerpt":{"rendered":"<p>Mandag-Fredag\u00c5bent kl. 15:30-17:00 L\u00f8rdag-S\u00f8ndagWeekenderne er der lukket Helligdage Aftal tid p\u00e5 forh\u00e5nd Ferieinformation Skr\u00e6dderiet holder ferielukket i uge 28, 29 og 30.\u00c5bner igen mandag d. 27 juli.Du er velkommen til at sende en mail p\u00e5 ziedaite@gmail.com, s\u00e5 svarer jeg hurtigst muligt.<\/p>\n","protected":false},"author":1,"featured_media":0,"parent":0,"menu_order":0,"comment_status":"closed","ping_status":"closed","template":"","meta":{"site-sidebar-layout":"no-sidebar","site-content-layout":"page-builder","ast-site-content-layout":"full-width-container","site-content-style":"unboxed","site-sidebar-style":"unboxed","ast-global-header-display":"","ast-banner-title-visibility":"","ast-main-header-display":"","ast-hfb-above-header-display":"","ast-hfb-below-header-display":"","ast-hfb-mobile-header-display":"","site-post-title":"disabled","ast-breadcrumbs-content":"","ast-featured-img":"disabled","footer-sml-layout":"","ast-disable-related-posts":"","theme-transparent-header-meta":"enabled","adv-header-id-meta":"","stick-header-meta":"","header-above-stick-meta":"","header-main-stick-meta":"","header-below-stick-meta":"","astra-migrate-meta-layouts":"set","ast-page-background-enabled":"default","ast-page-background-meta":{"desktop":{"background-color":"var(--ast-global-color-4)","background-image":"","background-repeat":"repeat","background-position":"center center","background-size":"auto","background-attachment":"scroll","background-type":"","background-media":"","overlay-type":"","overlay-color":"","overlay-opacity":"","overlay-gradient":""},"tablet":{"background-color":"","background-image":"","background-repeat":"repeat","background-position":"center center","background-size":"auto","background-attachment":"scroll","background-type":"","background-media":"","overlay-type":"","overlay-color":"","overlay-opacity":"","overlay-gradient":""},"mobile":{"background-color":"","background-image":"","background-repeat":"repeat","background-position":"center center","background-size":"auto","background-attachment":"scroll","background-type":"","background-media":"","overlay-type":"","overlay-color":"","overlay-opacity":"","overlay-gradient":""}},"ast-content-background-meta":{"desktop":{"background-color":"var(--ast-global-color-5)","background-image":"","background-repeat":"repeat","background-position":"center center","background-size":"auto","background-attachment":"scroll","background-type":"","background-media":"","overlay-type":"","overlay-color":"","overlay-opacity":"","overlay-gradient":""},"tablet":{"background-color":"var(--ast-global-color-5)","background-image":"","background-repeat":"repeat","background-position":"center center","background-size":"auto","background-attachment":"scroll","background-type":"","background-media":"","overlay-type":"","overlay-color":"","overlay-opacity":"","overlay-gradient":""},"mobile":{"background-color":"var(--ast-global-color-5)","background-image":"","background-repeat":"repeat","background-position":"center center","background-size":"auto","background-attachment":"scroll","background-type":"","background-media":"","overlay-type":"","overlay-color":"","overlay-opacity":"","overlay-gradient":""}},"footnotes":""},"class_list":["post-1320","page","type-page","status-publish","hentry"],"_links":{"self":[{"href":"https:\/\/systudie-vz.dk\/nyside\/wp-json\/wp\/v2\/pages\/1320","targetHints":{"allow":["GET"]}}],"collection":[{"href":"https:\/\/systudie-vz.dk\/nyside\/wp-json\/wp\/v2\/pages"}],"about":[{"href":"https:\/\/systudie-vz.dk\/nyside\/wp-json\/wp\/v2\/types\/page"}],"author":[{"embeddable":true,"href":"https:\/\/systudie-vz.dk\/nyside\/wp-json\/wp\/v2\/users\/1"}],"replies":[{"embeddable":true,"href":"https:\/\/systudie-vz.dk\/nyside\/wp-json\/wp\/v2\/comments?post=1320"}],"version-history":[{"count":41,"href":"https:\/\/systudie-vz.dk\/nyside\/wp-json\/wp\/v2\/pages\/1320\/revisions"}],"predecessor-version":[{"id":2464,"href":"https:\/\/systudie-vz.dk\/nyside\/wp-json\/wp\/v2\/pages\/1320\/revisions\/2464"}],"wp:attachment":[{"href":"https:\/\/systudie-vz.dk\/nyside\/wp-json\/wp\/v2\/media?parent=1320"}],"curies":[{"name":"wp","href":"https:\/\/api.w.org\/{rel}","templated":true}]}}